{"id":63,"date":"2026-03-13T17:07:28","date_gmt":"2026-03-13T16:07:28","guid":{"rendered":"https:\/\/bikipop.com.copyright.rip\/?post_type=product&#038;p=63"},"modified":"2026-03-13T17:07:28","modified_gmt":"2026-03-13T16:07:28","slug":"campagne-aixoise-puyricard-la-plus-cool","status":"publish","type":"product","link":"https:\/\/bikipop.com.copyright.rip\/?product=campagne-aixoise-puyricard-la-plus-cool","title":{"rendered":"\u00ab\u00a0Campagne aixoise, Puyricard\u00a0\u00bb\u00a0la plus cool\u00a0!"},"content":{"rendered":"<p><b>Environ 25 kms<\/b><\/p>\n<p><b>Facile\/moyen<\/b><\/p>\n<p><span style=\"font-size: large;\">P\u00e9dalez tranquille \u00e0 v\u00e9lo \u00e9lectrique dans la campagne aixoise avec un guide accompagnateur.<br \/>\nD\u00e9couvrez durant cette demi-journ\u00e9e, toutes les vari\u00e9t\u00e9s de paysage qu\u2019offre la campagne aixoise en toutes saisons<\/span><\/p>\n<ul>\n<li><span style=\"font-size: large;\">Petites routes peu fr\u00e9quent\u00e9es<\/span><\/li>\n<li><span style=\"font-size: large;\">Villages de Couteron, Venelles, Puyricard\u2026<\/span><\/li>\n<li><span style=\"font-size: large;\">Champs d\u2019oliviers, lavandes, vignes\u2026<\/span><\/li>\n<li><span style=\"font-size: large;\">Accompagnateur sympa et certifi\u00e9<\/span><\/li>\n<li><span style=\"font-size: large;\">Visite cool entre amis ou en famille<\/span><\/li>\n<li><span style=\"font-size: large;\">Prendre le temps de souffler dans un environnement exceptionnel\u00a0!<\/span><\/li>\n<\/ul>\n","protected":false},"excerpt":{"rendered":"<p><span style=\"font-family: Times New Roman, serif;\"><span style=\"font-size: medium;\"><span style=\"font-family: Calibri, serif;\"><span style=\"font-size: large;\">D\u00e9couvrez la diversit\u00e9 des paysages avec notre tour \u00ab\u00a0Campagne aixoise Puyricard \u00a0\u00bb !<\/span><\/span><\/span><\/span><\/p>\n<p><span style=\"font-family: Times New Roman, serif;\"><span style=\"font-size: medium;\"><span style=\"font-family: Calibri, serif;\"><span style=\"font-size: large;\">Durant une demi-journ\u00e9e, vous p\u00e9dalerez avec aisance gr\u00e2ce \u00e0 nos v\u00e9los \u00e0 assistance \u00e9lectrique.<br \/>\nCourt briefing sur le maniement des v\u00e9los\u2026 et quelques \u00e9tirements\u00a0! C\u2019est parti casque sur la t\u00eate pour sortir de la ville et se retrouver en quelques minutes sous le charme d\u2019une petite route, peu fr\u00e9quent\u00e9e\u2026 Elle grimpe dans le quartier des Pinchinats qui abrite les plus belles anciennes demeures comme le Ch\u00e2teau de la Gaude, le Pavillon de l\u2019Enfant ou le Ch\u00e2teau de la Mignarde. <\/span><\/span><\/span><\/span><\/p>\n<p><span style=\"font-family: Times New Roman, serif;\"><span style=\"font-size: medium;\"><span style=\"font-family: Calibri, serif;\"><span style=\"font-size: large;\">Entre la campagne et les villages perch\u00e9s, vous baladez dans un paysage typiquement proven\u00e7al, sur des petites routes d\u00e9partementales peu fr\u00e9quent\u00e9es. Selon la saison, vous sentirez les lavandes en fleur (Juin\/juillet), les genets ou le thym\u00a0! Vous traverserez des champs de vignes ou d\u2019oliviers avec toujours une vue d\u00e9gag\u00e9e sur la montagne Ste Victoire.<\/span><\/span><\/span><\/span><\/p>\n","protected":false},"featured_media":64,"template":"","meta":[],"product_brand":[],"product_cat":[18],"product_tag":[],"class_list":{"0":"post-63","1":"product","2":"type-product","3":"status-publish","4":"has-post-thumbnail","6":"product_cat-ballade","8":"first","9":"instock","10":"shipping-taxable","11":"product-type-simple"},"_links":{"self":[{"href":"https:\/\/bikipop.com.copyright.rip\/index.php?rest_route=\/wp\/v2\/product\/63","targetHints":{"allow":["GET"]}}],"collection":[{"href":"https:\/\/bikipop.com.copyright.rip\/index.php?rest_route=\/wp\/v2\/product"}],"about":[{"href":"https:\/\/bikipop.com.copyright.rip\/index.php?rest_route=\/wp\/v2\/types\/product"}],"wp:featuredmedia":[{"embeddable":true,"href":"https:\/\/bikipop.com.copyright.rip\/index.php?rest_route=\/wp\/v2\/media\/64"}],"wp:attachment":[{"href":"https:\/\/bikipop.com.copyright.rip\/index.php?rest_route=%2Fwp%2Fv2%2Fmedia&parent=63"}],"wp:term":[{"taxonomy":"product_brand","embeddable":true,"href":"https:\/\/bikipop.com.copyright.rip\/index.php?rest_route=%2Fwp%2Fv2%2Fproduct_brand&post=63"},{"taxonomy":"product_cat","embeddable":true,"href":"https:\/\/bikipop.com.copyright.rip\/index.php?rest_route=%2Fwp%2Fv2%2Fproduct_cat&post=63"},{"taxonomy":"product_tag","embeddable":true,"href":"https:\/\/bikipop.com.copyright.rip\/index.php?rest_route=%2Fwp%2Fv2%2Fproduct_tag&post=63"}],"curies":[{"name":"wp","href":"https:\/\/api.w.org\/{rel}","templated":true}]}}