{"id":80,"date":"2026-04-24T20:17:52","date_gmt":"2026-04-24T18:17:52","guid":{"rendered":"https:\/\/bikipop.com.copyright.rip\/?page_id=80"},"modified":"2026-04-24T20:31:45","modified_gmt":"2026-04-24T18:31:45","slug":"locations-et-partenaires","status":"publish","type":"page","link":"https:\/\/bikipop.com.copyright.rip\/?page_id=80","title":{"rendered":"Locations et partenaires"},"content":{"rendered":"\n<p>BIKIPOP con\u00e7oit et anime vos balades \u00e0 v\u00e9lo, mais ne fournit pas directement les v\u00e9los. La location du mat\u00e9riel est assur\u00e9e par notre partenaire de confiance, <strong>FOURNISSEUR<\/strong>, sp\u00e9cialiste de la location de cycles.<\/p>\n\n\n\n<h4 class=\"wp-block-heading\"><strong>Comment \u00e7a se passe ?<\/strong><\/h4>\n\n\n\n<p>Lors de votre r\u00e9servation d&rsquo;une balade BIKIPOP, vous effectuez la location de votre v\u00e9lo s\u00e9par\u00e9ment aupr\u00e8s de FOURNISSEUR. Nous vous recommandons de r\u00e9server votre v\u00e9lo \u00e0 l&rsquo;avance afin de garantir la disponibilit\u00e9 du mat\u00e9riel le jour de votre balade.<\/p>\n\n\n\n<p>Le jour J, nous nous retrouvons tous ensemble directement sur le lieu de d\u00e9part, \u00e0 l&rsquo;heure et \u00e0 l&rsquo;adresse indiqu\u00e9es lors de votre inscription. Il ne vous reste plus qu&rsquo;\u00e0 enfourcher votre v\u00e9lo et profiter de la balade !<\/p>\n\n\n\n<h4 class=\"wp-block-heading\"><strong>Bon \u00e0 savoir<\/strong><\/h4>\n\n\n\n<p>Pour toute question relative au mat\u00e9riel (\u00e9tat du v\u00e9lo, \u00e9quipements, tailles disponibles, assurance, conditions de location ou d&rsquo;annulation), nous vous invitons \u00e0 contacter directement FOURNISSEUR. BIKIPOP ne pourra \u00eatre tenu responsable des conditions li\u00e9es \u00e0 la location des v\u00e9los.<\/p>\n\n\n\n\t<div class=\"slideshow_container slideshow_container_style-light\" data-slideshow-id=\"92\" data-style-name=\"style-light\" data-style-version=\"2.6.0\" >\n\t\t<div class=\"slideshow_loading_icon\"><\/div>\n\t\t<div class=\"slideshow_content\" style=\"display: none;\">\n\t\t\t<div class=\"slideshow_view\">\n\t\t\t\t<div class=\"slideshow_slide slideshow_slide_image\">\n\t\t\t\t\t\t\t\t\t\t\t<img src=\"https:\/\/bikipop.com.copyright.rip\/wp-content\/uploads\/2026\/04\/SLIDER-GENERIC-BIKIPOP-03.jpg\" alt=\"SLIDER-GENERIC-BIKIPOP-03\" width=\"1366\" height=\"768\" \/>\n\t\t\t\t\t\t\t\t\t\t<div class=\"slideshow_description_box slideshow_transparent\">\n\t\t\t\t\t\t\t\t\t\t\t\t<div class=\"slideshow_title\">SLIDER-GENERIC-BIKIPOP-03<\/div>\n\t\t\t\t\t\t\t\t\t\t\t\t\t\t\t\t\t<\/div>\n\t\t\t\t<\/div>\n\n\t\t\t\t\t\t\t\t\t<\/div>\n\t\t\t<div class=\"slideshow_view\">\n\t\t\t\t<div class=\"slideshow_slide slideshow_slide_image\">\n\t\t\t\t\t\t\t\t\t\t\t<img src=\"https:\/\/bikipop.com.copyright.rip\/wp-content\/uploads\/2026\/04\/img-1268-copie.jpg\" alt=\"img-1268-copie\" width=\"600\" height=\"430\" \/>\n\t\t\t\t\t\t\t\t\t\t<div class=\"slideshow_description_box slideshow_transparent\">\n\t\t\t\t\t\t\t\t\t\t\t\t<div class=\"slideshow_title\">img-1268-copie<\/div>\n\t\t\t\t\t\t\t\t\t\t\t\t\t\t\t\t\t<\/div>\n\t\t\t\t<\/div>\n\n\t\t\t\t\t\t\t\t\t<\/div>\n\t\t\t<div class=\"slideshow_view\">\n\t\t\t\t<div class=\"slideshow_slide slideshow_slide_image\">\n\t\t\t\t\t\t\t\t\t\t\t<img src=\"https:\/\/bikipop.com.copyright.rip\/wp-content\/uploads\/2026\/04\/images.jpg\" alt=\"images\" width=\"225\" height=\"225\" \/>\n\t\t\t\t\t\t\t\t\t\t<div class=\"slideshow_description_box slideshow_transparent\">\n\t\t\t\t\t\t\t\t\t\t\t\t<div class=\"slideshow_title\">images<\/div>\n\t\t\t\t\t\t\t\t\t\t\t\t\t\t\t\t\t<\/div>\n\t\t\t\t<\/div>\n\n\t\t\t\t\t\t\t\t\t<\/div>\n\t\t\t<div class=\"slideshow_view\">\n\t\t\t\t<div class=\"slideshow_slide slideshow_slide_image\">\n\t\t\t\t\t\t\t\t\t\t\t<img src=\"https:\/\/bikipop.com.copyright.rip\/wp-content\/uploads\/2026\/04\/images.png\" alt=\"images\" width=\"225\" height=\"225\" \/>\n\t\t\t\t\t\t\t\t\t\t<div class=\"slideshow_description_box slideshow_transparent\">\n\t\t\t\t\t\t\t\t\t\t\t\t<div class=\"slideshow_title\">images<\/div>\n\t\t\t\t\t\t\t\t\t\t\t\t\t\t\t\t\t<\/div>\n\t\t\t\t<\/div>\n\n\t\t\t\t\t\t\t\t\t<\/div>\n\t\t<\/div>\n\t\t<div class=\"slideshow_controlPanel slideshow_transparent\" style=\"display: none;\"><ul><li class=\"slideshow_togglePlay\" data-play-text=\"Lecture\" data-pause-text=\"Pause\"><\/li><\/ul><\/div>\n\t\t<div class=\"slideshow_button slideshow_previous slideshow_transparent\" role=\"button\" data-previous-text=\"Pr\u00e9c\u00e9dente\" style=\"display: none;\"><\/div>\n\t\t<div class=\"slideshow_button slideshow_next slideshow_transparent\" role=\"button\" data-next-text=\"Suivante\" style=\"display: none;\"><\/div>\n\t\t<div class=\"slideshow_pagination\" style=\"display: none;\" data-go-to-text=\"Aller \u00e0 la diapositive\"><div class=\"slideshow_pagination_center\"><\/div><\/div>\n\t<\/div>\n\n\n","protected":false},"excerpt":{"rendered":"<p>BIKIPOP con\u00e7oit et anime vos balades \u00e0 v\u00e9lo, mais ne fournit pas directement les v\u00e9los. La location du mat\u00e9riel est assur\u00e9e par notre partenaire de confiance, FOURNISSEUR, sp\u00e9cialiste de la location de cycles. Comment \u00e7a se passe ? Lors de votre r\u00e9servation d&rsquo;une balade BIKIPOP, vous effectuez la location de votre v\u00e9lo s\u00e9par\u00e9ment aupr\u00e8s de [&hellip;]<\/p>\n","protected":false},"author":1,"featured_media":0,"parent":0,"menu_order":0,"comment_status":"closed","ping_status":"closed","template":"","meta":{"footnotes":""},"class_list":["post-80","page","type-page","status-publish","hentry"],"blocksy_meta":[],"_links":{"self":[{"href":"https:\/\/bikipop.com.copyright.rip\/index.php?rest_route=\/wp\/v2\/pages\/80","targetHints":{"allow":["GET"]}}],"collection":[{"href":"https:\/\/bikipop.com.copyright.rip\/index.php?rest_route=\/wp\/v2\/pages"}],"about":[{"href":"https:\/\/bikipop.com.copyright.rip\/index.php?rest_route=\/wp\/v2\/types\/page"}],"author":[{"embeddable":true,"href":"https:\/\/bikipop.com.copyright.rip\/index.php?rest_route=\/wp\/v2\/users\/1"}],"replies":[{"embeddable":true,"href":"https:\/\/bikipop.com.copyright.rip\/index.php?rest_route=%2Fwp%2Fv2%2Fcomments&post=80"}],"version-history":[{"count":5,"href":"https:\/\/bikipop.com.copyright.rip\/index.php?rest_route=\/wp\/v2\/pages\/80\/revisions"}],"predecessor-version":[{"id":93,"href":"https:\/\/bikipop.com.copyright.rip\/index.php?rest_route=\/wp\/v2\/pages\/80\/revisions\/93"}],"wp:attachment":[{"href":"https:\/\/bikipop.com.copyright.rip\/index.php?rest_route=%2Fwp%2Fv2%2Fmedia&parent=80"}],"curies":[{"name":"wp","href":"https:\/\/api.w.org\/{rel}","templated":true}]}}