{"id":20,"date":"2026-03-12T19:18:00","date_gmt":"2026-03-12T18:18:00","guid":{"rendered":"https:\/\/bikipop.com.copyright.rip\/?page_id=20"},"modified":"2026-04-24T20:04:28","modified_gmt":"2026-04-24T18:04:28","slug":"bikipop","status":"publish","type":"page","link":"https:\/\/bikipop.com.copyright.rip\/?page_id=20","title":{"rendered":"Bikipop"},"content":{"rendered":"\n<div class=\"wp-block-media-text is-stacked-on-mobile\"><figure class=\"wp-block-media-text__media\"><img loading=\"lazy\" decoding=\"async\" width=\"681\" height=\"683\" src=\"https:\/\/bikipop.com.copyright.rip\/wp-content\/uploads\/2026\/03\/Madeleine.jpg\" alt=\"\" class=\"wp-image-44 size-full\" srcset=\"https:\/\/bikipop.com.copyright.rip\/wp-content\/uploads\/2026\/03\/Madeleine.jpg 681w, https:\/\/bikipop.com.copyright.rip\/wp-content\/uploads\/2026\/03\/Madeleine-300x300.jpg 300w, https:\/\/bikipop.com.copyright.rip\/wp-content\/uploads\/2026\/03\/Madeleine-100x100.jpg 100w, https:\/\/bikipop.com.copyright.rip\/wp-content\/uploads\/2026\/03\/Madeleine-600x602.jpg 600w, https:\/\/bikipop.com.copyright.rip\/wp-content\/uploads\/2026\/03\/Madeleine-150x150.jpg 150w\" sizes=\"auto, (max-width: 681px) 100vw, 681px\" \/><\/figure><div class=\"wp-block-media-text__content\">\n<p><strong>Je m\u2019appelle Madeleine et j\u2019ai cr\u00e9\u00e9 BIKIPOP pour vous faire partager ma passion pour la nature, la campagne aixoise et le v\u00e9lo \u00e9lectrique.<\/strong><\/p>\n\n\n\n<p><strong>Je vous propose des balades autour d\u2019Aix-en-Provence sur chemins de terre faciles et petites routes de campagne avec la Sainte-Victoire en toile de fond.<\/strong><\/p>\n\n\n\n<p><strong>Chants de cigales, couleurs de coquelicots, parfums de lavande\u2026 au fil des saisons, mon seul plaisir est de vous procurer une sensation de bien-\u00eatre totale.<\/strong><\/p>\n<\/div><\/div>\n\n\n\n<p>(LOGOS CERTIFICATIONS, ou copie diplome)<br><\/p>\n\n\n\n<figure class=\"wp-block-image size-large\"><img loading=\"lazy\" decoding=\"async\" width=\"1024\" height=\"1024\" src=\"https:\/\/bikipop.com.copyright.rip\/wp-content\/uploads\/2026\/04\/image-1024x1024.png\" alt=\"\" class=\"wp-image-78\" srcset=\"https:\/\/bikipop.com.copyright.rip\/wp-content\/uploads\/2026\/04\/image-1024x1024.png 1024w, https:\/\/bikipop.com.copyright.rip\/wp-content\/uploads\/2026\/04\/image-300x300.png 300w, https:\/\/bikipop.com.copyright.rip\/wp-content\/uploads\/2026\/04\/image-150x150.png 150w, https:\/\/bikipop.com.copyright.rip\/wp-content\/uploads\/2026\/04\/image-1536x1536.png 1536w, https:\/\/bikipop.com.copyright.rip\/wp-content\/uploads\/2026\/04\/image-2048x2048.png 2048w, https:\/\/bikipop.com.copyright.rip\/wp-content\/uploads\/2026\/04\/image-900x900.png 900w, https:\/\/bikipop.com.copyright.rip\/wp-content\/uploads\/2026\/04\/image-100x100.png 100w\" sizes=\"auto, (max-width: 1024px) 100vw, 1024px\" \/><\/figure>\n","protected":false},"excerpt":{"rendered":"<p>Je m\u2019appelle Madeleine et j\u2019ai cr\u00e9\u00e9 BIKIPOP pour vous faire partager ma passion pour la nature, la campagne aixoise et le v\u00e9lo \u00e9lectrique. Je vous propose des balades autour d\u2019Aix-en-Provence sur chemins de terre faciles et petites routes de campagne avec la Sainte-Victoire en toile de fond. Chants de cigales, couleurs de coquelicots, parfums de [&hellip;]<\/p>\n","protected":false},"author":1,"featured_media":53,"parent":0,"menu_order":0,"comment_status":"closed","ping_status":"closed","template":"","meta":{"footnotes":""},"class_list":["post-20","page","type-page","status-publish","has-post-thumbnail","hentry"],"blocksy_meta":[],"_links":{"self":[{"href":"https:\/\/bikipop.com.copyright.rip\/index.php?rest_route=\/wp\/v2\/pages\/20","targetHints":{"allow":["GET"]}}],"collection":[{"href":"https:\/\/bikipop.com.copyright.rip\/index.php?rest_route=\/wp\/v2\/pages"}],"about":[{"href":"https:\/\/bikipop.com.copyright.rip\/index.php?rest_route=\/wp\/v2\/types\/page"}],"author":[{"embeddable":true,"href":"https:\/\/bikipop.com.copyright.rip\/index.php?rest_route=\/wp\/v2\/users\/1"}],"replies":[{"embeddable":true,"href":"https:\/\/bikipop.com.copyright.rip\/index.php?rest_route=%2Fwp%2Fv2%2Fcomments&post=20"}],"version-history":[{"count":6,"href":"https:\/\/bikipop.com.copyright.rip\/index.php?rest_route=\/wp\/v2\/pages\/20\/revisions"}],"predecessor-version":[{"id":79,"href":"https:\/\/bikipop.com.copyright.rip\/index.php?rest_route=\/wp\/v2\/pages\/20\/revisions\/79"}],"wp:featuredmedia":[{"embeddable":true,"href":"https:\/\/bikipop.com.copyright.rip\/index.php?rest_route=\/wp\/v2\/media\/53"}],"wp:attachment":[{"href":"https:\/\/bikipop.com.copyright.rip\/index.php?rest_route=%2Fwp%2Fv2%2Fmedia&parent=20"}],"curies":[{"name":"wp","href":"https:\/\/api.w.org\/{rel}","templated":true}]}}